{"id":7,"date":"2023-05-10T14:31:48","date_gmt":"2023-05-10T12:31:48","guid":{"rendered":"https:\/\/nik.gunca.si\/Toni\/?page_id=7"},"modified":"2023-05-20T17:01:40","modified_gmt":"2023-05-20T15:01:40","slug":"kontakt","status":"publish","type":"page","link":"https:\/\/stanko-udovic-art.si\/index.php\/kontakt\/","title":{"rendered":"Kontakt"},"content":{"rendered":"\n<p style=\"font-size:22px\">Stanko Udovi\u010d<\/p>\n\n\n\n<p style=\"font-size:22px\">Jel\u0161ane 21<\/p>\n\n\n\n<p style=\"font-size:22px\">6254 Jel\u0161ane<\/p>\n\n\n\n<p style=\"font-size:22px\">Tel: +386 40 655 076<\/p>\n\n\n\n<p style=\"font-size:22px\"><a href=\"mailto:sudovic15@gmail.com\">sudovic15@gmail.com<\/a><\/p>\n\n\n<p><iframe src=\"https:\/\/www.google.com\/maps\/embed?pb=!1m18!1m12!1m3!1d2796.4785546945573!2d14.271717276799066!3d45.5004443310189!2m3!1f0!2f0!3f0!3m2!1i1024!2i768!4f13.1!3m3!1m2!1s0x4764b2339dd345ff%3A0x8b62de888b8c6b0a!2zSmVsxaFhbmUgMjEsIDYyNTQgSmVsxaFhbmU!5e0!3m2!1ssl!2ssi!4v1684594872220!5m2!1ssl!2ssi\" width=\"600\" height=\"450\" style=\"border:0;\" allowfullscreen=\"\" loading=\"lazy\" referrerpolicy=\"no-referrer-when-downgrade\"><\/iframe><\/p>","protected":false},"excerpt":{"rendered":"<p>Stanko Udovi\u010d Jel\u0161ane 21 6254 Jel\u0161ane Tel: +386 40 655 076 sudovic15@gmail.com<\/p>\n","protected":false},"author":1,"featured_media":0,"parent":0,"menu_order":0,"comment_status":"closed","ping_status":"closed","template":"template-page-full-width.php","meta":[],"aioseo_notices":[],"_links":{"self":[{"href":"https:\/\/stanko-udovic-art.si\/index.php\/wp-json\/wp\/v2\/pages\/7"}],"collection":[{"href":"https:\/\/stanko-udovic-art.si\/index.php\/wp-json\/wp\/v2\/pages"}],"about":[{"href":"https:\/\/stanko-udovic-art.si\/index.php\/wp-json\/wp\/v2\/types\/page"}],"author":[{"embeddable":true,"href":"https:\/\/stanko-udovic-art.si\/index.php\/wp-json\/wp\/v2\/users\/1"}],"replies":[{"embeddable":true,"href":"https:\/\/stanko-udovic-art.si\/index.php\/wp-json\/wp\/v2\/comments?post=7"}],"version-history":[{"count":10,"href":"https:\/\/stanko-udovic-art.si\/index.php\/wp-json\/wp\/v2\/pages\/7\/revisions"}],"predecessor-version":[{"id":392,"href":"https:\/\/stanko-udovic-art.si\/index.php\/wp-json\/wp\/v2\/pages\/7\/revisions\/392"}],"wp:attachment":[{"href":"https:\/\/stanko-udovic-art.si\/index.php\/wp-json\/wp\/v2\/media?parent=7"}],"curies":[{"name":"wp","href":"https:\/\/api.w.org\/{rel}","templated":true}]}}