{"id":52,"date":"2023-05-16T16:08:52","date_gmt":"2023-05-16T14:08:52","guid":{"rendered":"https:\/\/nik.gunca.si\/Toni\/?page_id=52"},"modified":"2023-05-20T19:16:23","modified_gmt":"2023-05-20T17:16:23","slug":"zivljenjepis","status":"publish","type":"page","link":"https:\/\/stanko-udovic-art.si\/index.php\/zivljenjepis\/","title":{"rendered":"\u017divljenjepis"},"content":{"rendered":"\n<p><\/p>\n\n\n\n<p style=\"font-size:22px;letter-spacing:2px\">Sem Stanko Udovi\u010d, rojen leta 1961 v Postojni, trenutno pa \u017eivim v Jel\u0161anah. V zadnjem obdobju sem se intenzivno posvetil slikanju, ki mi predstavlja navdih in sprostitev. Slikam predvsem portrete z akrilnimi barvami. Vpisal sem se tudi na visoko \u0161olo za risanje in slikanje &#8220;Art House&#8221;, kjer trenutno kon\u010dujem \u0161tudij. Tudi tukaj je moja glavna tema portret in ga raziskujem. Zanima me prav odnos med vidnim in naslikanim v portretih..<\/p>\n","protected":false},"excerpt":{"rendered":"<p>Sem Stanko Udovi\u010d, rojen leta 1961 v Postojni, trenutno pa \u017eivim v Jel\u0161anah. V zadnjem obdobju sem se intenzivno posvetil slikanju, ki mi predstavlja navdih in sprostitev. Slikam predvsem portrete z akrilnimi barvami. Vpisal sem se tudi na visoko \u0161olo za risanje in slikanje &#8220;Art House&#8221;, kjer trenutno kon\u010dujem \u0161tudij. Tudi tukaj je moja glavna [&hellip;]<\/p>\n","protected":false},"author":1,"featured_media":0,"parent":0,"menu_order":0,"comment_status":"closed","ping_status":"closed","template":"template-page-full-width.php","meta":[],"aioseo_notices":[],"_links":{"self":[{"href":"https:\/\/stanko-udovic-art.si\/index.php\/wp-json\/wp\/v2\/pages\/52"}],"collection":[{"href":"https:\/\/stanko-udovic-art.si\/index.php\/wp-json\/wp\/v2\/pages"}],"about":[{"href":"https:\/\/stanko-udovic-art.si\/index.php\/wp-json\/wp\/v2\/types\/page"}],"author":[{"embeddable":true,"href":"https:\/\/stanko-udovic-art.si\/index.php\/wp-json\/wp\/v2\/users\/1"}],"replies":[{"embeddable":true,"href":"https:\/\/stanko-udovic-art.si\/index.php\/wp-json\/wp\/v2\/comments?post=52"}],"version-history":[{"count":39,"href":"https:\/\/stanko-udovic-art.si\/index.php\/wp-json\/wp\/v2\/pages\/52\/revisions"}],"predecessor-version":[{"id":406,"href":"https:\/\/stanko-udovic-art.si\/index.php\/wp-json\/wp\/v2\/pages\/52\/revisions\/406"}],"wp:attachment":[{"href":"https:\/\/stanko-udovic-art.si\/index.php\/wp-json\/wp\/v2\/media?parent=52"}],"curies":[{"name":"wp","href":"https:\/\/api.w.org\/{rel}","templated":true}]}}