{"id":48,"date":"2023-05-16T14:49:15","date_gmt":"2023-05-16T12:49:15","guid":{"rendered":"https:\/\/nik.gunca.si\/Toni\/?page_id=48"},"modified":"2023-05-21T14:06:43","modified_gmt":"2023-05-21T12:06:43","slug":"to-je-prva-stran","status":"publish","type":"page","link":"https:\/\/stanko-udovic-art.si\/","title":{"rendered":"MOJA ZADNJA DELA"},"content":{"rendered":"<div class=\"wp-block-image\">\n<figure class=\"aligncenter size-large\"><img decoding=\"async\" loading=\"lazy\" width=\"1024\" height=\"1021\" src=\"https:\/\/nik.gunca.si\/Toni\/wp-content\/uploads\/2023\/05\/20230324_114841-2-1024x1021.jpg\" alt=\"\" class=\"wp-image-149\" srcset=\"https:\/\/stanko-udovic-art.si\/wp-content\/uploads\/2023\/05\/20230324_114841-2-1024x1021.jpg 1024w, https:\/\/stanko-udovic-art.si\/wp-content\/uploads\/2023\/05\/20230324_114841-2-300x300.jpg 300w, https:\/\/stanko-udovic-art.si\/wp-content\/uploads\/2023\/05\/20230324_114841-2-150x150.jpg 150w, https:\/\/stanko-udovic-art.si\/wp-content\/uploads\/2023\/05\/20230324_114841-2-768x766.jpg 768w, https:\/\/stanko-udovic-art.si\/wp-content\/uploads\/2023\/05\/20230324_114841-2-1536x1532.jpg 1536w, https:\/\/stanko-udovic-art.si\/wp-content\/uploads\/2023\/05\/20230324_114841-2-2048x2042.jpg 2048w\" sizes=\"(max-width: 1024px) 100vw, 1024px\" \/><\/figure><\/div>\n\n\n<p><\/p>\n\n\n\n<p class=\"has-text-align-center has-medium-font-size\">\u00bbSorodnik na skuterju\u00ab \u00ab, 2023, akril na platnu, 100 cm \u00d7 100 cm<\/p>\n\n\n\n<p style=\"font-size:22px\">Slika prikazuje portret sorodnika na skuterju kot \u010dloveka v \u010dasu in prostoru. Portret je postavljen v ospredje skupaj s skuterjem. V ozadju je gorata pokrajina.<\/p>\n\n\n<div class=\"wp-block-image\">\n<figure class=\"aligncenter size-large\"><img decoding=\"async\" loading=\"lazy\" width=\"702\" height=\"1024\" src=\"https:\/\/nik.gunca.si\/Toni\/wp-content\/uploads\/2023\/05\/20230324_093831-1-702x1024.jpg\" alt=\"\" class=\"wp-image-144\" srcset=\"https:\/\/stanko-udovic-art.si\/wp-content\/uploads\/2023\/05\/20230324_093831-1-702x1024.jpg 702w, https:\/\/stanko-udovic-art.si\/wp-content\/uploads\/2023\/05\/20230324_093831-1-206x300.jpg 206w, https:\/\/stanko-udovic-art.si\/wp-content\/uploads\/2023\/05\/20230324_093831-1-768x1120.jpg 768w, https:\/\/stanko-udovic-art.si\/wp-content\/uploads\/2023\/05\/20230324_093831-1-1053x1536.jpg 1053w, https:\/\/stanko-udovic-art.si\/wp-content\/uploads\/2023\/05\/20230324_093831-1-1404x2048.jpg 1404w, https:\/\/stanko-udovic-art.si\/wp-content\/uploads\/2023\/05\/20230324_093831-1-scaled.jpg 1755w\" sizes=\"(max-width: 702px) 100vw, 702px\" \/><\/figure><\/div>\n\n\n<p><\/p>\n\n\n\n<p class=\"has-text-align-center has-medium-font-size\">\u00bbAfrodita\u00ab, 2022, akril na platnu, 100 cm \u00d7 70 cm<\/p>\n\n\n\n<p class=\"has-text-align-left\" style=\"font-size:22px\">Portret prikazuje \u00bbAfrodito\u00ab kot boginjo ljubezni, lepote, \u017eelje, plodnosti in blaginje. Krogi v ozadju lahko prikazujejo ve\u010dno vra\u010danje enakega, kot ve\u010dno minevanje in nastajanje v vsakem trenutku \u2013 krogu. Portret \u00bbAfrodite\u00ab lahko predstavlja \u010dlove\u0161ke sanje in tudi resni\u010dnost, kot jo \u010dlovek oblikuje s svojo dejavnostjo.<\/p>\n\n\n<div class=\"wp-block-image\">\n<figure class=\"aligncenter size-large\"><img decoding=\"async\" loading=\"lazy\" width=\"705\" height=\"1024\" src=\"https:\/\/nik.gunca.si\/Toni\/wp-content\/uploads\/2023\/05\/20230325_143315-705x1024.jpg\" alt=\"\" class=\"wp-image-133\" srcset=\"https:\/\/stanko-udovic-art.si\/wp-content\/uploads\/2023\/05\/20230325_143315-705x1024.jpg 705w, https:\/\/stanko-udovic-art.si\/wp-content\/uploads\/2023\/05\/20230325_143315-206x300.jpg 206w, https:\/\/stanko-udovic-art.si\/wp-content\/uploads\/2023\/05\/20230325_143315-768x1116.jpg 768w, https:\/\/stanko-udovic-art.si\/wp-content\/uploads\/2023\/05\/20230325_143315-1057x1536.jpg 1057w, https:\/\/stanko-udovic-art.si\/wp-content\/uploads\/2023\/05\/20230325_143315-1409x2048.jpg 1409w, https:\/\/stanko-udovic-art.si\/wp-content\/uploads\/2023\/05\/20230325_143315-scaled.jpg 1761w\" sizes=\"(max-width: 705px) 100vw, 705px\" \/><\/figure><\/div>\n\n\n<p><\/p>\n\n\n\n<p class=\"has-text-align-center has-medium-font-size\">\u00bbModerna \u017eenska\u00ab, 2022, akril na platnu, 100 cm \u00d7 70 cm,<\/p>\n\n\n\n<p style=\"font-size:22px\">Slika nam prikazuje moderno \u017eensko (kot nekak\u0161no ikono) v dana\u0161nji dru\u017ebi, kjer imajo \u017eenske vse ve\u010djo vlogo in se emancipirajo. Portret pred gledalcem ni\u010d ne skriva in i\u0161\u010de pri njem potrditev svoje \u010dlove\u010dnosti.<\/p>\n","protected":false},"excerpt":{"rendered":"<p>\u00bbSorodnik na skuterju\u00ab \u00ab, 2023, akril na platnu, 100 cm \u00d7 100 cm Slika prikazuje portret sorodnika na skuterju kot \u010dloveka v \u010dasu in prostoru. Portret je postavljen v ospredje skupaj s skuterjem. V ozadju je gorata pokrajina. \u00bbAfrodita\u00ab, 2022, akril na platnu, 100 cm \u00d7 70 cm Portret prikazuje \u00bbAfrodito\u00ab kot boginjo ljubezni, lepote, [&hellip;]<\/p>\n","protected":false},"author":1,"featured_media":0,"parent":0,"menu_order":0,"comment_status":"closed","ping_status":"closed","template":"template-page-full-width.php","meta":[],"aioseo_notices":[],"_links":{"self":[{"href":"https:\/\/stanko-udovic-art.si\/index.php\/wp-json\/wp\/v2\/pages\/48"}],"collection":[{"href":"https:\/\/stanko-udovic-art.si\/index.php\/wp-json\/wp\/v2\/pages"}],"about":[{"href":"https:\/\/stanko-udovic-art.si\/index.php\/wp-json\/wp\/v2\/types\/page"}],"author":[{"embeddable":true,"href":"https:\/\/stanko-udovic-art.si\/index.php\/wp-json\/wp\/v2\/users\/1"}],"replies":[{"embeddable":true,"href":"https:\/\/stanko-udovic-art.si\/index.php\/wp-json\/wp\/v2\/comments?post=48"}],"version-history":[{"count":23,"href":"https:\/\/stanko-udovic-art.si\/index.php\/wp-json\/wp\/v2\/pages\/48\/revisions"}],"predecessor-version":[{"id":407,"href":"https:\/\/stanko-udovic-art.si\/index.php\/wp-json\/wp\/v2\/pages\/48\/revisions\/407"}],"wp:attachment":[{"href":"https:\/\/stanko-udovic-art.si\/index.php\/wp-json\/wp\/v2\/media?parent=48"}],"curies":[{"name":"wp","href":"https:\/\/api.w.org\/{rel}","templated":true}]}}